{"id":125,"date":"2023-01-03T20:21:26","date_gmt":"2023-01-03T23:21:26","guid":{"rendered":"https:\/\/agropecuariadoreino.com.br\/?page_id=125"},"modified":"2023-01-03T20:21:26","modified_gmt":"2023-01-03T23:21:26","slug":"nossa-historia","status":"publish","type":"page","link":"https:\/\/agropecuariadoreino.com.br\/?page_id=125","title":{"rendered":"Nossa Hist\u00f3ria"},"content":{"rendered":"<p>Nossa Hist\u00f3ria:<\/p>\n<p>EM ATUALIZA\u00c7\u00c3O<img loading=\"lazy\" decoding=\"async\" class=\"alignnone size-medium wp-image-126\" src=\"https:\/\/agropecuariadoreino.com.br\/wp-content\/uploads\/2023\/01\/IMG-20200129-WA0093-300x300.jpg\" alt=\"\" width=\"300\" height=\"300\" srcset=\"https:\/\/agropecuariadoreino.com.br\/wp-content\/uploads\/2023\/01\/IMG-20200129-WA0093-300x300.jpg 300w, https:\/\/agropecuariadoreino.com.br\/wp-content\/uploads\/2023\/01\/IMG-20200129-WA0093-80x80.jpg 80w, https:\/\/agropecuariadoreino.com.br\/wp-content\/uploads\/2023\/01\/IMG-20200129-WA0093-100x100.jpg 100w, https:\/\/agropecuariadoreino.com.br\/wp-content\/uploads\/2023\/01\/IMG-20200129-WA0093.jpg 554w\" sizes=\"auto, (max-width: 300px) 100vw, 300px\" \/> <img loading=\"lazy\" decoding=\"async\" class=\"size-medium wp-image-127 aligncenter\" src=\"https:\/\/agropecuariadoreino.com.br\/wp-content\/uploads\/2023\/01\/Screenshot_20200529-075729_Chrome-300x300.jpg\" alt=\"\" width=\"300\" height=\"300\" srcset=\"https:\/\/agropecuariadoreino.com.br\/wp-content\/uploads\/2023\/01\/Screenshot_20200529-075729_Chrome-300x300.jpg 300w, https:\/\/agropecuariadoreino.com.br\/wp-content\/uploads\/2023\/01\/Screenshot_20200529-075729_Chrome-80x80.jpg 80w, https:\/\/agropecuariadoreino.com.br\/wp-content\/uploads\/2023\/01\/Screenshot_20200529-075729_Chrome-768x768.jpg 768w, https:\/\/agropecuariadoreino.com.br\/wp-content\/uploads\/2023\/01\/Screenshot_20200529-075729_Chrome-100x100.jpg 100w, https:\/\/agropecuariadoreino.com.br\/wp-content\/uploads\/2023\/01\/Screenshot_20200529-075729_Chrome.jpg 845w\" sizes=\"auto, (max-width: 300px) 100vw, 300px\" \/> <img loading=\"lazy\" decoding=\"async\" class=\"size-medium wp-image-128 aligncenter\" src=\"https:\/\/agropecuariadoreino.com.br\/wp-content\/uploads\/2023\/01\/Screenshot_20201019-141538_Instagram-300x224.jpg\" alt=\"\" width=\"300\" height=\"224\" srcset=\"https:\/\/agropecuariadoreino.com.br\/wp-content\/uploads\/2023\/01\/Screenshot_20201019-141538_Instagram-300x224.jpg 300w, https:\/\/agropecuariadoreino.com.br\/wp-content\/uploads\/2023\/01\/Screenshot_20201019-141538_Instagram-1030x768.jpg 1030w, https:\/\/agropecuariadoreino.com.br\/wp-content\/uploads\/2023\/01\/Screenshot_20201019-141538_Instagram-768x572.jpg 768w, https:\/\/agropecuariadoreino.com.br\/wp-content\/uploads\/2023\/01\/Screenshot_20201019-141538_Instagram.jpg 1080w\" sizes=\"auto, (max-width: 300px) 100vw, 300px\" \/> <img loading=\"lazy\" decoding=\"async\" class=\"size-medium wp-image-129 aligncenter\" src=\"https:\/\/agropecuariadoreino.com.br\/wp-content\/uploads\/2023\/01\/Screenshot_20211117-183510_Instagram-300x197.jpg\" alt=\"\" width=\"300\" height=\"197\" srcset=\"https:\/\/agropecuariadoreino.com.br\/wp-content\/uploads\/2023\/01\/Screenshot_20211117-183510_Instagram-300x197.jpg 300w, https:\/\/agropecuariadoreino.com.br\/wp-content\/uploads\/2023\/01\/Screenshot_20211117-183510_Instagram.jpg 720w\" sizes=\"auto, (max-width: 300px) 100vw, 300px\" \/><\/p>\n","protected":false},"excerpt":{"rendered":"<p>Nossa Hist\u00f3ria: EM ATUALIZA\u00c7\u00c3O<\/p>\n","protected":false},"author":1,"featured_media":0,"parent":0,"menu_order":0,"comment_status":"closed","ping_status":"closed","template":"","meta":{"footnotes":""},"class_list":["post-125","page","type-page","status-publish","hentry"],"_links":{"self":[{"href":"https:\/\/agropecuariadoreino.com.br\/index.php?rest_route=\/wp\/v2\/pages\/125","targetHints":{"allow":["GET"]}}],"collection":[{"href":"https:\/\/agropecuariadoreino.com.br\/index.php?rest_route=\/wp\/v2\/pages"}],"about":[{"href":"https:\/\/agropecuariadoreino.com.br\/index.php?rest_route=\/wp\/v2\/types\/page"}],"author":[{"embeddable":true,"href":"https:\/\/agropecuariadoreino.com.br\/index.php?rest_route=\/wp\/v2\/users\/1"}],"replies":[{"embeddable":true,"href":"https:\/\/agropecuariadoreino.com.br\/index.php?rest_route=%2Fwp%2Fv2%2Fcomments&post=125"}],"version-history":[{"count":1,"href":"https:\/\/agropecuariadoreino.com.br\/index.php?rest_route=\/wp\/v2\/pages\/125\/revisions"}],"predecessor-version":[{"id":130,"href":"https:\/\/agropecuariadoreino.com.br\/index.php?rest_route=\/wp\/v2\/pages\/125\/revisions\/130"}],"wp:attachment":[{"href":"https:\/\/agropecuariadoreino.com.br\/index.php?rest_route=%2Fwp%2Fv2%2Fmedia&parent=125"}],"curies":[{"name":"wp","href":"https:\/\/api.w.org\/{rel}","templated":true}]}}