{"id":132,"date":"2023-01-03T20:23:07","date_gmt":"2023-01-03T23:23:07","guid":{"rendered":"https:\/\/agropecuariadoreino.com.br\/?page_id=132"},"modified":"2023-01-06T09:19:16","modified_gmt":"2023-01-06T12:19:16","slug":"fale-conosco","status":"publish","type":"page","link":"https:\/\/agropecuariadoreino.com.br\/?page_id=132","title":{"rendered":"Fale Conosco"},"content":{"rendered":"<p>&nbsp;<\/p>\n<h1><img loading=\"lazy\" decoding=\"async\" class=\"aligncenter\" src=\"https:\/\/agropecuariadoreino.com.br\/wp-content\/uploads\/2022\/12\/cropped-WhatsApp-Image-2018-07-13-at-14.27.07.jpeg\" alt=\"&quot;Aqui o agroneg\u00f3cio n\u00e3o para! &quot;\" width=\"193\" height=\"170\" \/><\/h1>\n<h1 style=\"text-align: center;\"><em><strong>Agropecu\u00e1ria do Reino<\/strong><\/em><\/h1>\n<p style=\"text-align: center;\"><em><strong>Sem o agro o pa\u00eds n\u00e3o anda!!<\/strong><\/em><\/p>\n<pre style=\"text-align: center;\"><strong>Avar\u00e9 - S\u00e3o Paulo<\/strong>\r\n\r\n<strong>whattsApp. (14) 981498546<\/strong>\r\n\r\n<strong>e-mails:\r\n Geral: contato@agropecuariadoreino.com.br\r\nnelore@agropecuariadoreino.com.br\r\nmangalarga@agropecuariadoreino.com.br\r\nctagroreino@agropecuariadoreino.com.br\r\nleiloes@agropecuariadoreino.com.br\r\nassessoria@agropecuariadoreino.com.br<\/strong><\/pre>\n","protected":false},"excerpt":{"rendered":"<p>&nbsp; Agropecu\u00e1ria do Reino Sem o agro o pa\u00eds n\u00e3o anda!! Avar\u00e9 &#8211; S\u00e3o Paulo whattsApp. (14) 981498546 e-mails: Geral: contato@agropecuariadoreino.com.br nelore@agropecuariadoreino.com.br mangalarga@agropecuariadoreino.com.br ctagroreino@agropecuariadoreino.com.br leiloes@agropecuariadoreino.com.br assessoria@agropecuariadoreino.com.br<\/p>\n","protected":false},"author":1,"featured_media":0,"parent":0,"menu_order":0,"comment_status":"closed","ping_status":"closed","template":"","meta":{"footnotes":""},"class_list":["post-132","page","type-page","status-publish","hentry"],"_links":{"self":[{"href":"https:\/\/agropecuariadoreino.com.br\/index.php?rest_route=\/wp\/v2\/pages\/132","targetHints":{"allow":["GET"]}}],"collection":[{"href":"https:\/\/agropecuariadoreino.com.br\/index.php?rest_route=\/wp\/v2\/pages"}],"about":[{"href":"https:\/\/agropecuariadoreino.com.br\/index.php?rest_route=\/wp\/v2\/types\/page"}],"author":[{"embeddable":true,"href":"https:\/\/agropecuariadoreino.com.br\/index.php?rest_route=\/wp\/v2\/users\/1"}],"replies":[{"embeddable":true,"href":"https:\/\/agropecuariadoreino.com.br\/index.php?rest_route=%2Fwp%2Fv2%2Fcomments&post=132"}],"version-history":[{"count":8,"href":"https:\/\/agropecuariadoreino.com.br\/index.php?rest_route=\/wp\/v2\/pages\/132\/revisions"}],"predecessor-version":[{"id":170,"href":"https:\/\/agropecuariadoreino.com.br\/index.php?rest_route=\/wp\/v2\/pages\/132\/revisions\/170"}],"wp:attachment":[{"href":"https:\/\/agropecuariadoreino.com.br\/index.php?rest_route=%2Fwp%2Fv2%2Fmedia&parent=132"}],"curies":[{"name":"wp","href":"https:\/\/api.w.org\/{rel}","templated":true}]}}