{"id":53,"date":"2022-12-29T00:02:11","date_gmt":"2022-12-29T00:02:11","guid":{"rendered":"https:\/\/agropecuariadoreino.com.br\/?page_id=53"},"modified":"2024-06-18T19:55:53","modified_gmt":"2024-06-18T22:55:53","slug":"leiloes","status":"publish","type":"page","link":"https:\/\/agropecuariadoreino.com.br\/?page_id=53","title":{"rendered":"Leil\u00f5es"},"content":{"rendered":"<h1 style=\"text-align: center;\"><em><strong>CAF Leil\u00f5es e Eventos &#8211; Agropecu\u00e1ria do Reino<\/strong><\/em><\/h1>\n<p style=\"text-align: center;\"><strong>Aqui seu leil\u00e3o se torna um maravilhoso evento!!!<\/strong><\/p>\n<p style=\"text-align: center;\">A CAF Leil\u00f5es e Eventos se prepara ano a nao para estar sempre apta a realizar todo e qualquer tipo de leil\u00e3o. Cada evento se torna \u00fanico com caracter\u00edsticas pr\u00f3prias de acordo com a necessidade do contratante.<\/p>\n<p style=\"text-align: center;\">Trabalhamos com as diversas ra\u00e7as de equinos e bovinos. Com equipe de\u00a0buffet, ilumina\u00e7\u00e3o, sonoriza\u00e7\u00e3o e marketing o seu leil\u00e3o ser\u00e1 cada vez mais inovador com caracter\u00edsticas \u00fanicas e marcantes da sua cria\u00e7\u00e3o.<\/p>\n<p style=\"text-align: center;\">Inovamos para atender as suas expectativas pois cada momento \u00e9 um sonho realizado!<\/p>\n<p><img loading=\"lazy\" decoding=\"async\" class=\"wp-image-149 aligncenter\" src=\"https:\/\/agropecuariadoreino.com.br\/wp-content\/uploads\/2023\/01\/Agroreino-Leiloes-Eventos-END-300x215.jpg\" alt=\"\" width=\"212\" height=\"152\" srcset=\"https:\/\/agropecuariadoreino.com.br\/wp-content\/uploads\/2023\/01\/Agroreino-Leiloes-Eventos-END-300x215.jpg 300w, https:\/\/agropecuariadoreino.com.br\/wp-content\/uploads\/2023\/01\/Agroreino-Leiloes-Eventos-END-1030x736.jpg 1030w, https:\/\/agropecuariadoreino.com.br\/wp-content\/uploads\/2023\/01\/Agroreino-Leiloes-Eventos-END-768x549.jpg 768w, https:\/\/agropecuariadoreino.com.br\/wp-content\/uploads\/2023\/01\/Agroreino-Leiloes-Eventos-END-1536x1098.jpg 1536w, https:\/\/agropecuariadoreino.com.br\/wp-content\/uploads\/2023\/01\/Agroreino-Leiloes-Eventos-END-2048x1464.jpg 2048w\" sizes=\"auto, (max-width: 212px) 100vw, 212px\" \/><\/p>\n","protected":false},"excerpt":{"rendered":"<p>CAF Leil\u00f5es e Eventos &#8211; Agropecu\u00e1ria do Reino Aqui seu leil\u00e3o se torna um maravilhoso evento!!! A CAF Leil\u00f5es e Eventos se prepara ano a nao para estar sempre apta a realizar todo e qualquer tipo de leil\u00e3o. Cada evento se torna \u00fanico com caracter\u00edsticas pr\u00f3prias de acordo com a necessidade do contratante. Trabalhamos com &hellip; <\/p>\n<p class=\"link-more\"><a href=\"https:\/\/agropecuariadoreino.com.br\/?page_id=53\" class=\"more-link\">Continue lendo<span class=\"screen-reader-text\"> &#8220;Leil\u00f5es&#8221;<\/span><\/a><\/p>\n","protected":false},"author":1,"featured_media":0,"parent":0,"menu_order":0,"comment_status":"closed","ping_status":"closed","template":"","meta":{"footnotes":""},"class_list":["post-53","page","type-page","status-publish","hentry"],"_links":{"self":[{"href":"https:\/\/agropecuariadoreino.com.br\/index.php?rest_route=\/wp\/v2\/pages\/53","targetHints":{"allow":["GET"]}}],"collection":[{"href":"https:\/\/agropecuariadoreino.com.br\/index.php?rest_route=\/wp\/v2\/pages"}],"about":[{"href":"https:\/\/agropecuariadoreino.com.br\/index.php?rest_route=\/wp\/v2\/types\/page"}],"author":[{"embeddable":true,"href":"https:\/\/agropecuariadoreino.com.br\/index.php?rest_route=\/wp\/v2\/users\/1"}],"replies":[{"embeddable":true,"href":"https:\/\/agropecuariadoreino.com.br\/index.php?rest_route=%2Fwp%2Fv2%2Fcomments&post=53"}],"version-history":[{"count":3,"href":"https:\/\/agropecuariadoreino.com.br\/index.php?rest_route=\/wp\/v2\/pages\/53\/revisions"}],"predecessor-version":[{"id":173,"href":"https:\/\/agropecuariadoreino.com.br\/index.php?rest_route=\/wp\/v2\/pages\/53\/revisions\/173"}],"wp:attachment":[{"href":"https:\/\/agropecuariadoreino.com.br\/index.php?rest_route=%2Fwp%2Fv2%2Fmedia&parent=53"}],"curies":[{"name":"wp","href":"https:\/\/api.w.org\/{rel}","templated":true}]}}