{"id":55,"date":"2022-12-29T00:02:12","date_gmt":"2022-12-29T00:02:12","guid":{"rendered":"https:\/\/agropecuariadoreino.com.br\/?page_id=55"},"modified":"2022-12-29T00:20:51","modified_gmt":"2022-12-29T00:20:51","slug":"ct-agroreino","status":"publish","type":"page","link":"https:\/\/agropecuariadoreino.com.br\/?page_id=55","title":{"rendered":"CT Agroreino"},"content":{"rendered":"<header class=\"post-header\">\n<blockquote>\n<h1 class=\"post-title\" style=\"text-align: center;\">CENTRO DE TREINAMENTO<\/h1>\n<\/blockquote>\n<\/header>\n<div class=\"post-content\">\n<p style=\"text-align: center;\">Quem compra um cavalo deve estar atento para o fato de que precisar\u00e1 de um local para aloj\u00e1-lo e trein\u00e1-lo. Um bom\u00a0<strong>centro de treinamento\u00a0<\/strong>se mostra como uma \u00f3tima alternativa para adestrar o seu equino.<\/p>\n<p style=\"text-align: center;\">Centro de treinamento: saiba mais a seguir<\/p>\n<p style=\"text-align: center;\">O\u00a0<strong>centro de treinamento de cavalos\u00a0<\/strong>\u00e9 um estabelecimento de fun\u00e7\u00e3o bastante espec\u00edfica e especialmente interessante para quem deseja adestrar seus animais para alguma modalidade esportiva. Geralmente, esses espa\u00e7os contam com profissionais dedicados ao treinamento de equinos para uma modalidade esportiva espec\u00edfica.<\/p>\n<p style=\"text-align: center;\">Os centros de treinamento podem atuar tanto como espa\u00e7os para acondicionamento e treinamento de animais dos clientes, como criadores de equinos para venda. O foco \u00e9 sempre treinar o cavalo para que ele tenha um bom desempenho em alguma atividade esportiva.<\/p>\n<h2 style=\"text-align: center;\"><em><strong>Infraestrutura<\/strong><\/em><\/h2>\n<p style=\"text-align: center;\">Uma das grandes vantagens de optar por hospedar seus equinos em centros de treinamento \u00e9 o acesso a uma estrutura pensada para favorecer os ganhos no preparo. \u00c9 essencial fazer uma visita para conhecer o espa\u00e7o para ter certeza de que seu amigo de quatro patas ser\u00e1 bem assistido.<\/p>\n<p style=\"text-align: center;\">Normalmente, esses estabelecimentos contam com grandes \u00e1reas de treinamento, baias e pista coberta para o treino. Tamb\u00e9m \u00e9 v\u00e1lido conferir a pista para o treinamento h\u00edpico. O centro de treinamento deve oferecer m\u00faltiplas possibilidades para o preparo do seu equino. \u00c9 um investimento consider\u00e1vel manter seu cavalo em um lugar assim, ent\u00e3o, \u00e9 importante que ofere\u00e7a retorno.<\/p>\n<p style=\"text-align: center;\">Inclusive, \u00e9 interessante dizer que esse \u00e9 um setor da economia que vem conseguindo se manter com boas taxas de ganhos. O Brasil \u00e9 um pa\u00eds apaixonado por modalidades esportivas com cavalos e os criadores reconhecem a import\u00e2ncia de ter um lugar com excelente estrutura para manter seus animais. Dessa forma, se voc\u00ea est\u00e1 na fase de escolha de um espa\u00e7o desses, deve fazer uma boa pesquisa.<\/p>\n<h2 style=\"text-align: center;\"><em><strong>Treinamento para o dono do cavalo<\/strong><\/em><\/h2>\n<p style=\"text-align: center;\">H\u00e1 centros de treinamento que, al\u00e9m de oferecer o preparo do equino, tamb\u00e9m contam com treinamentos para o dono do animal. Muitas pessoas quando adquirem um cavalo n\u00e3o sabem necessariamente como manej\u00e1-lo corretamente ou como fazer para que ele entregue os melhores resultados em uma determinada modalidade.<\/p>\n<p style=\"text-align: center;\">Ent\u00e3o, se poss\u00edvel, invista tamb\u00e9m no seu preparo para se tornar mais efetivo no manejo e condu\u00e7\u00e3o do seu equino para a realiza\u00e7\u00e3o de diferentes modalidades esportivas. Essa \u00e9 uma quest\u00e3o de paci\u00eancia e dedica\u00e7\u00e3o.<\/p>\n<h2 style=\"text-align: center;\"><em><strong>Centro h\u00edpico ou equestre<\/strong><\/em><\/h2>\n<p style=\"text-align: center;\">Assim como o centro de treinamento, \u00e9 um espa\u00e7o voltado para o preparo de animais para as mais variadas modalidades esportivas. Possui estrutura para treinar os animais com o objetivo de torn\u00e1-los mais efetivos na pr\u00e1tica de seu esporte.<\/p>\n<\/div>\n","protected":false},"excerpt":{"rendered":"<p>CENTRO DE TREINAMENTO Quem compra um cavalo deve estar atento para o fato de que precisar\u00e1 de um local para aloj\u00e1-lo e trein\u00e1-lo. Um bom\u00a0centro de treinamento\u00a0se mostra como uma \u00f3tima alternativa para adestrar o seu equino. Centro de treinamento: saiba mais a seguir O\u00a0centro de treinamento de cavalos\u00a0\u00e9 um estabelecimento de fun\u00e7\u00e3o bastante espec\u00edfica &hellip; <\/p>\n<p class=\"link-more\"><a href=\"https:\/\/agropecuariadoreino.com.br\/?page_id=55\" class=\"more-link\">Continue lendo<span class=\"screen-reader-text\"> &#8220;CT Agroreino&#8221;<\/span><\/a><\/p>\n","protected":false},"author":1,"featured_media":0,"parent":0,"menu_order":0,"comment_status":"closed","ping_status":"closed","template":"","meta":{"footnotes":""},"class_list":["post-55","page","type-page","status-publish","hentry"],"_links":{"self":[{"href":"https:\/\/agropecuariadoreino.com.br\/index.php?rest_route=\/wp\/v2\/pages\/55","targetHints":{"allow":["GET"]}}],"collection":[{"href":"https:\/\/agropecuariadoreino.com.br\/index.php?rest_route=\/wp\/v2\/pages"}],"about":[{"href":"https:\/\/agropecuariadoreino.com.br\/index.php?rest_route=\/wp\/v2\/types\/page"}],"author":[{"embeddable":true,"href":"https:\/\/agropecuariadoreino.com.br\/index.php?rest_route=\/wp\/v2\/users\/1"}],"replies":[{"embeddable":true,"href":"https:\/\/agropecuariadoreino.com.br\/index.php?rest_route=%2Fwp%2Fv2%2Fcomments&post=55"}],"version-history":[{"count":4,"href":"https:\/\/agropecuariadoreino.com.br\/index.php?rest_route=\/wp\/v2\/pages\/55\/revisions"}],"predecessor-version":[{"id":79,"href":"https:\/\/agropecuariadoreino.com.br\/index.php?rest_route=\/wp\/v2\/pages\/55\/revisions\/79"}],"wp:attachment":[{"href":"https:\/\/agropecuariadoreino.com.br\/index.php?rest_route=%2Fwp%2Fv2%2Fmedia&parent=55"}],"curies":[{"name":"wp","href":"https:\/\/api.w.org\/{rel}","templated":true}]}}